{"id":5,"date":"2009-08-11T20:30:17","date_gmt":"2009-08-11T18:30:17","guid":{"rendered":"http:\/\/www.aviculture-vaud.ch\/?page_id=5"},"modified":"2025-03-16T11:30:08","modified_gmt":"2025-03-16T10:30:08","slug":"comite","status":"publish","type":"page","link":"https:\/\/www.petitsanimauxvaud.ch\/?page_id=5","title":{"rendered":"Comit\u00e9"},"content":{"rendered":"<h1 style=\"text-align: center; padding-left: 30px;\"><strong><em>Le comit\u00e9 cantonal est actuellement en stand-by.<\/em><\/strong><\/h1>\n<p style=\"text-align: left;\">Une personne de contact reste tout de fois disponible et la caisse reste maintenue afin d&rsquo;assurer la rentr\u00e9e et sortie de cotisation!<\/p>\n<hr \/>\n<p style=\"text-align: center;\"><strong>Personne de contact<\/strong><\/p>\n<p style=\"text-align: center;\">Oph\u00e9lie Girard<\/p>\n<p style=\"text-align: center;\">president.petitsanimauxvaud@gmail.com<\/p>\n<p>&nbsp;<\/p>\n<p style=\"text-align: center;\"><strong>Caissi\u00e8re<\/strong><\/p>\n<p style=\"text-align: center;\">Mme Marie-Annick Tzaut-Pellissier<\/p>\n<p style=\"text-align: center;\">matzaut@gmail.com<\/p>\n","protected":false},"excerpt":{"rendered":"<p>Le comit\u00e9 cantonal est actuellement en stand-by. Une personne de contact reste tout de fois disponible et la caisse reste maintenue afin d&rsquo;assurer la rentr\u00e9e et sortie de cotisation! Personne de contact Oph\u00e9lie Girard president.petitsanimauxvaud@gmail.com &nbsp; Caissi\u00e8re Mme Marie-Annick Tzaut-Pellissier matzaut@gmail.com<\/p>\n","protected":false},"author":2,"featured_media":0,"parent":0,"menu_order":0,"comment_status":"closed","ping_status":"closed","template":"page-without-sidebar.php","meta":{"footnotes":""},"_links":{"self":[{"href":"https:\/\/www.petitsanimauxvaud.ch\/index.php?rest_route=\/wp\/v2\/pages\/5"}],"collection":[{"href":"https:\/\/www.petitsanimauxvaud.ch\/index.php?rest_route=\/wp\/v2\/pages"}],"about":[{"href":"https:\/\/www.petitsanimauxvaud.ch\/index.php?rest_route=\/wp\/v2\/types\/page"}],"author":[{"embeddable":true,"href":"https:\/\/www.petitsanimauxvaud.ch\/index.php?rest_route=\/wp\/v2\/users\/2"}],"replies":[{"embeddable":true,"href":"https:\/\/www.petitsanimauxvaud.ch\/index.php?rest_route=%2Fwp%2Fv2%2Fcomments&post=5"}],"version-history":[{"count":66,"href":"https:\/\/www.petitsanimauxvaud.ch\/index.php?rest_route=\/wp\/v2\/pages\/5\/revisions"}],"predecessor-version":[{"id":3043,"href":"https:\/\/www.petitsanimauxvaud.ch\/index.php?rest_route=\/wp\/v2\/pages\/5\/revisions\/3043"}],"wp:attachment":[{"href":"https:\/\/www.petitsanimauxvaud.ch\/index.php?rest_route=%2Fwp%2Fv2%2Fmedia&parent=5"}],"curies":[{"name":"wp","href":"https:\/\/api.w.org\/{rel}","templated":true}]}}