{"id":2998,"date":"2024-03-01T11:11:51","date_gmt":"2024-03-01T10:11:51","guid":{"rendered":"https:\/\/www.petitsanimauxvaud.ch\/?page_id=2998"},"modified":"2024-03-01T11:12:16","modified_gmt":"2024-03-01T10:12:16","slug":"oiseaux","status":"publish","type":"page","link":"https:\/\/www.petitsanimauxvaud.ch\/?page_id=2998","title":{"rendered":"Oiseaux"},"content":{"rendered":"\n<div class=\"wp-block-cover has-parallax\"><span aria-hidden=\"true\" class=\"wp-block-cover__background has-background-dim\"><\/span><div role=\"img\" class=\"wp-block-cover__image-background wp-image-2999 has-parallax\" style=\"background-position:50% 50%;background-image:url(https:\/\/www.petitsanimauxvaud.ch\/wp-content\/uploads\/2024\/03\/Capture-decran-2024-03-01-110725.png)\"><\/div><div class=\"wp-block-cover__inner-container is-layout-constrained wp-block-cover-is-layout-constrained\">\n<p class=\"has-text-align-center has-large-font-size\"><\/p>\n<\/div><\/div>\n\n\n\n<h2 class=\"wp-block-heading\">Formations diverses<\/h2>\n\n\n\n<p>Actuellement aucun cours en terre vaudoise<\/p>\n\n\n\n<div style=\"height:100px\" aria-hidden=\"true\" class=\"wp-block-spacer\"><\/div>\n\n\n\n<h2 class=\"wp-block-heading\">Actualit\u00e9<\/h2>\n\n\n\n<p>Retrouvez toutes les actualit\u00e9s sur lite site de Petits Animaux Suisse section lapin en cliquant sur le lien ci-dessous!<\/p>\n\n\n\n<div class=\"wp-block-buttons is-content-justification-center is-layout-flex wp-container-core-buttons-layout-1 wp-block-buttons-is-layout-flex\">\n<div class=\"wp-block-button has-custom-width wp-block-button__width-50 is-style-outline\"><a class=\"wp-block-button__link wp-element-button\" href=\"https:\/\/www.kleintiere-schweiz.ch\/index.cfm?Nav=401\">Oiseaux de race Suisse<\/a><\/div>\n<\/div>\n\n\n\n<div style=\"height:100px\" aria-hidden=\"true\" class=\"wp-block-spacer\"><\/div>\n\n\n\n<h2 class=\"wp-block-heading\">Dates \u00e0 retenir<\/h2>\n\n\n\n<h2 class=\"wp-block-heading\"><\/h2>\n\n\n\n<div style=\"height:100px\" aria-hidden=\"true\" class=\"wp-block-spacer\"><\/div>\n\n\n\n<h2 class=\"wp-block-heading\">PDF \u00e0 t\u00e9l\u00e9charger<\/h2>\n\n\n\n<p>Aide-m\u00e9moire sur l&rsquo;\u00e9levage des oiseaux <a href=\"https:\/\/www.petitsanimauxvaud.ch\/telechargement\/Aide-memoire-oiseaux.pdf\" data-type=\"link\" data-id=\"https:\/\/www.petitsanimauxvaud.ch\/telechargement\/Aide-memoire-oiseaux.pdf\">t\u00e9l\u00e9charger<\/a><\/p>\n\n\n\n<p>Dimensions l\u00e9gales <a href=\"https:\/\/www.petitsanimauxvaud.ch\/telechargement\/Dimensions_legales_oiseaux.pdf\" data-type=\"link\" data-id=\"https:\/\/www.petitsanimauxvaud.ch\/telechargement\/Dimensions_legales_oiseaux.pdf\">t\u00e9l\u00e9charger<\/a><\/p>\n","protected":false},"excerpt":{"rendered":"<p>Formations diverses Actuellement aucun cours en terre vaudoise Actualit\u00e9 Retrouvez toutes les actualit\u00e9s sur lite site de Petits Animaux Suisse section lapin en cliquant sur le lien ci-dessous! Dates \u00e0 retenir PDF \u00e0 t\u00e9l\u00e9charger Aide-m\u00e9moire sur l&rsquo;\u00e9levage des oiseaux t\u00e9l\u00e9charger Dimensions l\u00e9gales t\u00e9l\u00e9charger<\/p>\n","protected":false},"author":1,"featured_media":0,"parent":0,"menu_order":0,"comment_status":"closed","ping_status":"closed","template":"page-without-sidebar.php","meta":{"footnotes":""},"_links":{"self":[{"href":"https:\/\/www.petitsanimauxvaud.ch\/index.php?rest_route=\/wp\/v2\/pages\/2998"}],"collection":[{"href":"https:\/\/www.petitsanimauxvaud.ch\/index.php?rest_route=\/wp\/v2\/pages"}],"about":[{"href":"https:\/\/www.petitsanimauxvaud.ch\/index.php?rest_route=\/wp\/v2\/types\/page"}],"author":[{"embeddable":true,"href":"https:\/\/www.petitsanimauxvaud.ch\/index.php?rest_route=\/wp\/v2\/users\/1"}],"replies":[{"embeddable":true,"href":"https:\/\/www.petitsanimauxvaud.ch\/index.php?rest_route=%2Fwp%2Fv2%2Fcomments&post=2998"}],"version-history":[{"count":1,"href":"https:\/\/www.petitsanimauxvaud.ch\/index.php?rest_route=\/wp\/v2\/pages\/2998\/revisions"}],"predecessor-version":[{"id":3000,"href":"https:\/\/www.petitsanimauxvaud.ch\/index.php?rest_route=\/wp\/v2\/pages\/2998\/revisions\/3000"}],"wp:attachment":[{"href":"https:\/\/www.petitsanimauxvaud.ch\/index.php?rest_route=%2Fwp%2Fv2%2Fmedia&parent=2998"}],"curies":[{"name":"wp","href":"https:\/\/api.w.org\/{rel}","templated":true}]}}