{"id":29,"date":"2009-08-13T16:54:47","date_gmt":"2009-08-13T14:54:47","guid":{"rendered":"http:\/\/www.aviculture-vaud.ch\/?page_id=29"},"modified":"2025-03-16T11:21:51","modified_gmt":"2025-03-16T10:21:51","slug":"manifestations","status":"publish","type":"page","link":"https:\/\/www.petitsanimauxvaud.ch\/?page_id=29","title":{"rendered":"Manifestations"},"content":{"rendered":"<h2>&nbsp;<\/h2>\n<h2 style=\"text-align: center;\"><span style=\"color: #0000ff;\">Toutes les manifestations suisses \u00e0 consulter &nbsp;<strong><a href=\"https:\/\/www.kleintiere-schweiz.ch\/index.cfm?Nav=33\" target=\"_blank\" rel=\"noopener\">ici<\/a><\/strong><\/span><\/h2>\n\n\n<h2 class=\"wp-block-heading\">March\u00e9 aux \u0153ufs organis\u00e9 par Petits Animaux Poulapige est vaudois : samedi 5 avril<\/h2>\n\n\n\n<p>Une conf\u00e9rence sur les types de cr\u00eates et la s\u00e9lection des poussins sera donn\u00e9e et un jugement d&rsquo;\u0153ufs aura lieu!<\/p>\n\n\n\n<figure class=\"wp-block-image size-full\"><img loading=\"lazy\" decoding=\"async\" width=\"596\" height=\"851\" src=\"https:\/\/www.petitsanimauxvaud.ch\/wp-content\/uploads\/2025\/02\/Capture-decran-2025-02-23-145246.png\" alt=\"\" class=\"wp-image-3034\" srcset=\"https:\/\/www.petitsanimauxvaud.ch\/wp-content\/uploads\/2025\/02\/Capture-decran-2025-02-23-145246.png 596w, https:\/\/www.petitsanimauxvaud.ch\/wp-content\/uploads\/2025\/02\/Capture-decran-2025-02-23-145246-210x300.png 210w\" sizes=\"(max-width: 596px) 100vw, 596px\" \/><\/figure>\n\n\n\n<h2 class=\"wp-block-heading\">D\u00e9couverte de nos pigeons de races suisses : samedi 5 avril \u00e0 Les Cl\u00e9es<\/h2>\n\n\n\n<p><a href=\"https:\/\/www.prospecierara.ch\/fr\/decouvrir\/manifestations\/manifestations-details\/events\/decouverte-de-nos-pigeons-de-races-suisses.html\">https:\/\/www.prospecierara.ch\/fr\/decouvrir\/manifestations\/manifestations-details\/events\/decouverte-de-nos-pigeons-de-races-suisses.html<\/a><\/p>\n\n\n\n<h2 class=\"wp-block-heading\">March\u00e9 aux \u0153ufs, poussins et jeunes sujets organis\u00e9 par Petits Animaux r\u00e9gion Yverdon : lundi 21 avril<\/h2>\n\n\n\n<figure class=\"wp-block-image size-full\"><img loading=\"lazy\" decoding=\"async\" width=\"657\" height=\"918\" src=\"https:\/\/www.petitsanimauxvaud.ch\/wp-content\/uploads\/2025\/02\/480570176_10236873391157765_8844486609095794658_n.jpg\" alt=\"\" class=\"wp-image-3035\" srcset=\"https:\/\/www.petitsanimauxvaud.ch\/wp-content\/uploads\/2025\/02\/480570176_10236873391157765_8844486609095794658_n.jpg 657w, https:\/\/www.petitsanimauxvaud.ch\/wp-content\/uploads\/2025\/02\/480570176_10236873391157765_8844486609095794658_n-215x300.jpg 215w\" sizes=\"(max-width: 657px) 100vw, 657px\" \/><\/figure>\n","protected":false},"excerpt":{"rendered":"<p>&nbsp; Toutes les manifestations suisses \u00e0 consulter &nbsp;ici March\u00e9 aux \u0153ufs organis\u00e9 par Petits Animaux Poulapige est vaudois : samedi 5 avril Une conf\u00e9rence sur les types de cr\u00eates et la s\u00e9lection des poussins sera donn\u00e9e et un jugement d&rsquo;\u0153ufs aura lieu! D\u00e9couverte de nos pigeons de races suisses : samedi 5 avril \u00e0 Les [&hellip;]<\/p>\n","protected":false},"author":1,"featured_media":0,"parent":0,"menu_order":0,"comment_status":"closed","ping_status":"closed","template":"page-without-sidebar.php","meta":{"footnotes":""},"_links":{"self":[{"href":"https:\/\/www.petitsanimauxvaud.ch\/index.php?rest_route=\/wp\/v2\/pages\/29"}],"collection":[{"href":"https:\/\/www.petitsanimauxvaud.ch\/index.php?rest_route=\/wp\/v2\/pages"}],"about":[{"href":"https:\/\/www.petitsanimauxvaud.ch\/index.php?rest_route=\/wp\/v2\/types\/page"}],"author":[{"embeddable":true,"href":"https:\/\/www.petitsanimauxvaud.ch\/index.php?rest_route=\/wp\/v2\/users\/1"}],"replies":[{"embeddable":true,"href":"https:\/\/www.petitsanimauxvaud.ch\/index.php?rest_route=%2Fwp%2Fv2%2Fcomments&post=29"}],"version-history":[{"count":218,"href":"https:\/\/www.petitsanimauxvaud.ch\/index.php?rest_route=\/wp\/v2\/pages\/29\/revisions"}],"predecessor-version":[{"id":3039,"href":"https:\/\/www.petitsanimauxvaud.ch\/index.php?rest_route=\/wp\/v2\/pages\/29\/revisions\/3039"}],"wp:attachment":[{"href":"https:\/\/www.petitsanimauxvaud.ch\/index.php?rest_route=%2Fwp%2Fv2%2Fmedia&parent=29"}],"curies":[{"name":"wp","href":"https:\/\/api.w.org\/{rel}","templated":true}]}}