{"id":2,"date":"2009-08-11T20:18:35","date_gmt":"2009-08-11T18:18:35","guid":{"rendered":"http:\/\/www.aviculture-vaud.ch\/?page_id=2"},"modified":"2024-03-01T09:44:53","modified_gmt":"2024-03-01T08:44:53","slug":"a-propos","status":"publish","type":"page","link":"https:\/\/www.petitsanimauxvaud.ch\/","title":{"rendered":"A propos"},"content":{"rendered":"\n<p>Pr\u00e9sentation de Petits animaux Vaud<\/p>\n\n\n\n<p>Petits animaux Vaud fut fond\u00e9e en 1910 (Soci\u00e9t\u00e9 Vaudoise d&rsquo;Aviculture jusqu&rsquo;en 2010) par des \u00e9leveurs clairvoyants qui reconnaissaient d\u00e9j\u00e0 les avantages que repr\u00e9sentent une association.<\/p>\n\n\n\n<p>Elle a pour but l&rsquo;encouragement et la promotion du charmant hobby qu&rsquo;est l&rsquo;\u00e9levage d&rsquo;animaux de race.<\/p>\n\n\n\n<p>Elle s&rsquo;attache \u00e0 pr\u00e9server le pr\u00e9cieux patrimoine que constituent ces races et, notamment, celles qui ont vu le jour dans notre pays.<\/p>\n\n\n\n<p>Petits animaux Suisse est l&rsquo;organisation fa\u00eeti\u00e8re des quatre f\u00e9d\u00e9rations nationales, soit :<\/p>\n\n\n\n<p class=\"has-text-align-center\"><em><strong><img loading=\"lazy\" decoding=\"async\" width=\"60\" height=\"60\" class=\"alignnone size-full wp-image-93\" src=\"https:\/\/www.petitsanimauxvaud.ch\/wp-content\/uploads\/2009\/08\/SRKV_logo.jpg\" alt=\"\"><\/strong><\/em><br><em><strong>Lapins de race Suisse<\/strong><\/em><\/p>\n\n\n\n<p class=\"has-text-align-center\"><em><strong><a href=\"https:\/\/www.petitsanimauxvaud.ch\/wp-content\/uploads\/2009\/08\/SRGV_logo.jpg\" class=\"pirobox_gall_2\" rel=\"gallery\"><img loading=\"lazy\" decoding=\"async\" width=\"60\" height=\"60\" class=\"alignnone size-full wp-image-94\" src=\"https:\/\/www.petitsanimauxvaud.ch\/wp-content\/uploads\/2009\/08\/SRGV_logo.jpg\" alt=\"SRGV_logo\"><\/a>&nbsp;<\/strong><\/em><br><em><strong>Volailles de race Suisse<\/strong><\/em><\/p>\n\n\n\n<p class=\"has-text-align-center\"><em><strong><a href=\"https:\/\/www.petitsanimauxvaud.ch\/wp-content\/uploads\/2009\/08\/SRTV_logo.jpg\" class=\"pirobox_gall_2\" rel=\"gallery\"><img loading=\"lazy\" decoding=\"async\" width=\"60\" height=\"60\" class=\"alignnone size-full wp-image-95\" src=\"https:\/\/www.petitsanimauxvaud.ch\/wp-content\/uploads\/2009\/08\/SRTV_logo.jpg\" alt=\"SRTV_logo\"><\/a>&nbsp;<\/strong><\/em><br><em><strong>Pigeons de race Suisse<\/strong><\/em><\/p>\n\n\n\n<p class=\"has-text-align-center\"><em><strong><a href=\"https:\/\/www.petitsanimauxvaud.ch\/wp-content\/uploads\/2009\/08\/PARUS_logo.jpg\" class=\"pirobox_gall_2\" rel=\"gallery\"><img loading=\"lazy\" decoding=\"async\" width=\"60\" height=\"60\" class=\"alignnone size-full wp-image-96\" src=\"https:\/\/www.petitsanimauxvaud.ch\/wp-content\/uploads\/2009\/08\/PARUS_logo.jpg\" alt=\"PARUS_logo\"><\/a>&nbsp;<\/strong><\/em><br><em><strong>Oiseaux d&rsquo;agr\u00e9ment Suisse<\/strong><\/em><\/p>\n\n\n\n<p>Petits animaux Vaud compte actuellement environs 200 membres r\u00e9partis dans les 11 sections du canton.<\/p>\n","protected":false},"excerpt":{"rendered":"<p>Pr\u00e9sentation de Petits animaux Vaud Petits animaux Vaud fut fond\u00e9e en 1910 (Soci\u00e9t\u00e9 Vaudoise d&rsquo;Aviculture jusqu&rsquo;en 2010) par des \u00e9leveurs clairvoyants qui reconnaissaient d\u00e9j\u00e0 les avantages que repr\u00e9sentent une association. Elle a pour but l&rsquo;encouragement et la promotion du charmant hobby qu&rsquo;est l&rsquo;\u00e9levage d&rsquo;animaux de race. Elle s&rsquo;attache \u00e0 pr\u00e9server le pr\u00e9cieux patrimoine que constituent [&hellip;]<\/p>\n","protected":false},"author":2,"featured_media":0,"parent":0,"menu_order":0,"comment_status":"closed","ping_status":"closed","template":"page-without-sidebar.php","meta":{"footnotes":""},"_links":{"self":[{"href":"https:\/\/www.petitsanimauxvaud.ch\/index.php?rest_route=\/wp\/v2\/pages\/2"}],"collection":[{"href":"https:\/\/www.petitsanimauxvaud.ch\/index.php?rest_route=\/wp\/v2\/pages"}],"about":[{"href":"https:\/\/www.petitsanimauxvaud.ch\/index.php?rest_route=\/wp\/v2\/types\/page"}],"author":[{"embeddable":true,"href":"https:\/\/www.petitsanimauxvaud.ch\/index.php?rest_route=\/wp\/v2\/users\/2"}],"replies":[{"embeddable":true,"href":"https:\/\/www.petitsanimauxvaud.ch\/index.php?rest_route=%2Fwp%2Fv2%2Fcomments&post=2"}],"version-history":[{"count":21,"href":"https:\/\/www.petitsanimauxvaud.ch\/index.php?rest_route=\/wp\/v2\/pages\/2\/revisions"}],"predecessor-version":[{"id":2951,"href":"https:\/\/www.petitsanimauxvaud.ch\/index.php?rest_route=\/wp\/v2\/pages\/2\/revisions\/2951"}],"wp:attachment":[{"href":"https:\/\/www.petitsanimauxvaud.ch\/index.php?rest_route=%2Fwp%2Fv2%2Fmedia&parent=2"}],"curies":[{"name":"wp","href":"https:\/\/api.w.org\/{rel}","templated":true}]}}