{"id":18,"date":"2009-08-11T21:10:41","date_gmt":"2009-08-11T19:10:41","guid":{"rendered":"http:\/\/www.aviculture-vaud.ch\/?page_id=18"},"modified":"2024-03-01T11:31:08","modified_gmt":"2024-03-01T10:31:08","slug":"les-societes","status":"publish","type":"page","link":"https:\/\/www.petitsanimauxvaud.ch\/?page_id=18","title":{"rendered":"Sections"},"content":{"rendered":"\n<figure class=\"wp-block-gallery has-nested-images columns-default is-cropped wp-block-gallery-1 is-layout-flex wp-block-gallery-is-layout-flex\">\n<figure class=\"wp-block-image size-full\"><img loading=\"lazy\" decoding=\"async\" width=\"868\" height=\"429\" data-id=\"2917\" src=\"https:\/\/www.petitsanimauxvaud.ch\/wp-content\/uploads\/2024\/03\/Capture-decran-2024-02-29-211031.png\" alt=\"\" class=\"wp-image-2917\" srcset=\"https:\/\/www.petitsanimauxvaud.ch\/wp-content\/uploads\/2024\/03\/Capture-decran-2024-02-29-211031.png 868w, https:\/\/www.petitsanimauxvaud.ch\/wp-content\/uploads\/2024\/03\/Capture-decran-2024-02-29-211031-300x148.png 300w, https:\/\/www.petitsanimauxvaud.ch\/wp-content\/uploads\/2024\/03\/Capture-decran-2024-02-29-211031-768x380.png 768w\" sizes=\"(max-width: 868px) 100vw, 868px\" \/><\/figure>\n<\/figure>\n\n\n\n<div style=\"height:100px\" aria-hidden=\"true\" class=\"wp-block-spacer\"><\/div>\n\n\n\n<h2 class=\"wp-block-heading\">Pr\u00e9sidents des soci\u00e9t\u00e9s<\/h2>\n\n\n\n<figure class=\"wp-block-table\"><table><tbody><tr><td>SAC Ste-Croix<\/td><td>Fran\u00e7ois\u00a0<\/td><td>Gret<\/td><td><a href=\"mailto:fgret@bluewin.ch\">fgret@bluewin.ch<\/a><\/td><\/tr><tr><td>SC Vevey colombophile<\/td><td>Jean-Michel<\/td><td>Genin<\/td><td><a href=\"mailto:jmgenin@bluewin.ch\">jmgenin@bluewin.ch<\/a><\/td><\/tr><tr><td>Petits animaux r\u00e9gion Yverdon<\/td><td>Fr\u00e9dy<\/td><td>Waelti<\/td><td><a href=\"mailto:waeltifr@hotmail.com\">waeltifr@hotmail.com<\/a><\/td><\/tr><tr><td>SACC Yverdon-Nord<\/td><td>Philippe<\/td><td>Durussel<\/td><td><a href=\"mailto:moulinot57@hotmail.com\">moulinot57@hotmail.com<\/a><\/td><\/tr><tr><td>Petits animaux Aigle-Chablais<\/td><td>Diego<\/td><td>Bassi<\/td><td><a href=\"mailto:d.bassi@netplus.ch\">d.bassi@netplus.ch<\/a><\/td><\/tr><tr><td>Petits animaux Chavornay<\/td><td>Patricia<\/td><td>Girard<\/td><td><a href=\"mailto:girard.patricia@bluewin.ch\">girard.patricia@bluewin.ch<\/a><\/td><\/tr><tr><td>Petits Animaux Payerne, Corcelles et environs<\/td><td>Alain<\/td><td>Marmier<\/td><td><a href=\"mailto:a.marmier@bluewin.ch\">a.marmier@bluewin.ch<\/a><\/td><\/tr><tr><td>SAC Haut-L\u00e9man<\/td><td>Christian<\/td><td>Huck<\/td><td><a href=\"mailto:c.huck64@bluewin.ch\">c.huck64@bluewin.ch<\/a><\/td><\/tr><tr><td>SA Lucens-M\u00e9zi\u00e8res<\/td><td>Michel<\/td><td>Iff<\/td><td><a href=\"mailto:michel.iff@bluewin.ch\">michel.iff@bluewin.ch<\/a><\/td><\/tr><tr><td>Petits animaux Nyon-La C\u00f4te<\/td><td>Patrick<\/td><td>L\u00fcthi<\/td><td><a href=\"president@panc.ch\">president@panc.ch<\/a><\/td><\/tr><tr><td>Petits animaux Poulapige<\/td><td>Fran\u00e7ois<\/td><td>Jouvenat<\/td><td><a href=\"mailto:francois.jouvenat@gmail.com\">francois.jouvenat@gmail.com<\/a><\/td><\/tr><\/tbody><\/table><\/figure>\n","protected":false},"excerpt":{"rendered":"<p>Pr\u00e9sidents des soci\u00e9t\u00e9s SAC Ste-Croix Fran\u00e7ois\u00a0 Gret fgret@bluewin.ch SC Vevey colombophile Jean-Michel Genin jmgenin@bluewin.ch Petits animaux r\u00e9gion Yverdon Fr\u00e9dy Waelti waeltifr@hotmail.com SACC Yverdon-Nord Philippe Durussel moulinot57@hotmail.com Petits animaux Aigle-Chablais Diego Bassi d.bassi@netplus.ch Petits animaux Chavornay Patricia Girard girard.patricia@bluewin.ch Petits Animaux Payerne, Corcelles et environs Alain Marmier a.marmier@bluewin.ch SAC Haut-L\u00e9man Christian Huck c.huck64@bluewin.ch SA Lucens-M\u00e9zi\u00e8res Michel [&hellip;]<\/p>\n","protected":false},"author":2,"featured_media":0,"parent":0,"menu_order":0,"comment_status":"closed","ping_status":"closed","template":"page-without-sidebar.php","meta":{"footnotes":""},"_links":{"self":[{"href":"https:\/\/www.petitsanimauxvaud.ch\/index.php?rest_route=\/wp\/v2\/pages\/18"}],"collection":[{"href":"https:\/\/www.petitsanimauxvaud.ch\/index.php?rest_route=\/wp\/v2\/pages"}],"about":[{"href":"https:\/\/www.petitsanimauxvaud.ch\/index.php?rest_route=\/wp\/v2\/types\/page"}],"author":[{"embeddable":true,"href":"https:\/\/www.petitsanimauxvaud.ch\/index.php?rest_route=\/wp\/v2\/users\/2"}],"replies":[{"embeddable":true,"href":"https:\/\/www.petitsanimauxvaud.ch\/index.php?rest_route=%2Fwp%2Fv2%2Fcomments&post=18"}],"version-history":[{"count":45,"href":"https:\/\/www.petitsanimauxvaud.ch\/index.php?rest_route=\/wp\/v2\/pages\/18\/revisions"}],"predecessor-version":[{"id":3006,"href":"https:\/\/www.petitsanimauxvaud.ch\/index.php?rest_route=\/wp\/v2\/pages\/18\/revisions\/3006"}],"wp:attachment":[{"href":"https:\/\/www.petitsanimauxvaud.ch\/index.php?rest_route=%2Fwp%2Fv2%2Fmedia&parent=18"}],"curies":[{"name":"wp","href":"https:\/\/api.w.org\/{rel}","templated":true}]}}